{"id":28,"date":"2015-03-17T16:15:24","date_gmt":"2015-03-17T15:15:24","guid":{"rendered":"http:\/\/fiduciaire.ch\/wordpress\/?page_id=28"},"modified":"2015-05-11T15:13:02","modified_gmt":"2015-05-11T14:13:02","slug":"services","status":"publish","type":"page","link":"http:\/\/fiduciaire.ch\/wordpress\/?page_id=28","title":{"rendered":"Services"},"content":{"rendered":"<pre><strong>\u00a0<span style=\"font-family: Arial,serif;\"><span style=\"font-size: medium;\">Conseils fiscaux<\/span><\/span><\/strong><\/pre>\n<ul>\n<ul>\n<li><span style=\"font-family: Arial, serif;\"><span style=\"font-size: medium;\">Fiscalit\u00e9 suisse et internationale.<\/span><\/span><\/li>\n<li><span style=\"font-family: Arial, serif;\"><span style=\"font-size: medium;\">Etablissement des d\u00e9clarations d\u2019imp\u00f4ts de personnes physiques et morales.<\/span><\/span><\/li>\n<li><span style=\"font-family: Arial, serif;\"><span style=\"font-size: medium;\">Etudes et planifications fiscales.<\/span><\/span><\/li>\n<li><span style=\"font-family: Arial, serif;\"><span style=\"font-size: medium;\">Etablissement de d\u00e9clarations fiscales.<\/span><\/span><\/li>\n<li><span style=\"font-family: Arial, serif;\"><span style=\"font-size: medium;\">Contr\u00f4le de taxations.<\/span><\/span><\/li>\n<li><span style=\"font-family: Arial, serif;\"><span style=\"font-size: medium;\">Fiscalit\u00e9 immobili\u00e8re.<\/span><\/span><\/li>\n<li><span style=\"font-family: Arial, serif;\"><span style=\"font-size: medium;\">Assistance dans les proc\u00e9dures de recours.<\/span><\/span><\/li>\n<\/ul>\n<\/ul>\n<pre><strong><span style=\"font-family: Arial,serif;\"><span style=\"font-size: medium;\">Tenue de comptabilit\u00e9s<\/span><\/span><\/strong><\/pre>\n<ul>\n<ul>\n<li><span style=\"font-family: Arial, serif;\"><span style=\"font-size: medium;\">Saisie de comptabilit\u00e9s.<\/span><\/span><\/li>\n<li><span style=\"font-family: Arial, serif;\"><span style=\"font-size: medium;\">Assistance au bouclement.<\/span><\/span><\/li>\n<li><span style=\"font-family: Arial, serif;\"><span style=\"font-size: medium;\">Etablissement de budgets.<\/span><\/span><\/li>\n<li><span style=\"font-family: Arial, serif;\"><span style=\"font-size: medium;\">Etablissement des d\u00e9comptes TVA.<\/span><\/span><\/li>\n<\/ul>\n<\/ul>\n<pre><strong><span style=\"font-family: Arial,serif;\"><span style=\"font-size: medium;\">R\u00e9vision<\/span><\/span><\/strong><\/pre>\n<ul>\n<ul>\n<li><span style=\"font-family: Arial, serif;\"><span style=\"font-size: medium;\">Fonction d&rsquo;organe de r\u00e9vision de soci\u00e9t\u00e9s, de fondations, de fonds de pr\u00e9voyance et d&rsquo;autres personnes morales.<\/span><\/span><\/li>\n<li><span style=\"font-family: Arial, serif;\"><span style=\"font-size: medium;\">Contr\u00f4le de la comptabilit\u00e9 de communes et d\u2019associations.<\/span><\/span><\/li>\n<\/ul>\n<\/ul>\n<pre><strong><span style=\"font-family: Arial,serif;\"><span style=\"font-size: medium;\">Domiciliation des soci\u00e9t\u00e9s<\/span><\/span><\/strong><\/pre>\n<ul>\n<ul>\n<li><span style=\"font-family: Arial, serif;\"><span style=\"font-size: medium;\">Repr\u00e9sentation d&rsquo;int\u00e9r\u00eats suisses ou \u00e9trangers.<\/span><\/span><\/li>\n<li><span style=\"font-family: Arial, serif;\"><span style=\"font-size: medium;\">Mandat d&rsquo;administrateur de soci\u00e9t\u00e9s.<\/span><\/span><\/li>\n<li><span style=\"font-family: Arial, serif;\"><span style=\"font-size: medium;\">Expertise.<\/span><\/span><\/li>\n<\/ul>\n<\/ul>\n<pre><strong><span style=\"font-family: Arial,serif;\"><span style=\"font-size: medium;\">\u00c9tablissement d'expertises comptables judiciaires ou extra-judiciaires<\/span><\/span><\/strong><\/pre>\n<ul>\n<li><span style=\"font-family: Arial, serif;\"><span style=\"font-size: medium;\">\u00c9tablissement d&rsquo;expertises comptables pour des particuliers ou les pouvoirs publics.<\/span><\/span><\/li>\n<\/ul>\n<pre><strong><span style=\"font-family: Arial,serif;\"><span style=\"font-size: medium;\">Estimation d\u2019entreprises<\/span><\/span><\/strong><\/pre>\n<ul>\n<li><span style=\"font-family: Arial, serif;\"><span style=\"font-size: medium;\">D\u00e9termination de la valeur des entreprises en cas de reprise ou de remise de commerce, de vente d&rsquo;actions, etc \u2026<\/span><\/span><\/li>\n<\/ul>\n<pre><strong><span style=\"font-family: Arial,serif;\"><span style=\"font-size: medium;\">Conseils d\u2019entreprises<\/span><\/span><\/strong><\/pre>\n<ul>\n<li><span style=\"font-family: Arial, serif;\"><span style=\"font-size: medium;\">Financier: plans financiers, calculs de rentabilit\u00e9, \u00e9tablissement de tableaux de bord, calculs de prix de revient, calculs d&rsquo;investissements.<\/span><\/span><\/li>\n<li><span style=\"font-family: Arial, serif;\"><span style=\"font-size: medium;\">Organisation: mise en place des instruments de gestion n\u00e9cessaires.<\/span><\/span><\/li>\n<li><span style=\"font-family: Arial, serif;\"><span style=\"font-size: medium;\">I<\/span><\/span><span style=\"font-family: Arial, serif;\"><span style=\"font-size: medium;\">nformatique: choix d&rsquo;un syst\u00e8me informatique et des logiciels.<\/span><\/span><\/li>\n<\/ul>\n<pre><strong><span style=\"font-family: Arial,serif;\"><span style=\"font-size: medium;\">Conseils de gestion<\/span><\/span><\/strong><\/pre>\n<ul>\n<li><span style=\"font-family: Arial, serif;\"><span style=\"font-size: medium;\">Conseils et assistance dans la gestion d&rsquo;entreprises.<\/span><\/span><\/li>\n<li><span style=\"font-family: Arial, serif;\"><span style=\"font-size: medium;\">\u00c9tablissement de d\u00e9comptes ou de toute formalit\u00e9 ou d\u00e9marche administrative<\/span><\/span><span style=\"font-family: Georgia, serif;\"><span style=\"font-size: large;\"><span lang=\"fr-FR\">.<\/span><\/span><\/span><\/li>\n<\/ul>\n","protected":false},"excerpt":{"rendered":"<p>\u00a0Conseils fiscaux Fiscalit\u00e9 suisse et internationale. Etablissement des d\u00e9clarations d\u2019imp\u00f4ts de personnes physiques et morales. Etudes et planifications fiscales. Etablissement de d\u00e9clarations fiscales. Contr\u00f4le de taxations. Fiscalit\u00e9 immobili\u00e8re. Assistance dans les proc\u00e9dures de recours. Tenue de comptabilit\u00e9s Saisie de comptabilit\u00e9s. <a class=\"more-link\" href=\"http:\/\/fiduciaire.ch\/wordpress\/?page_id=28\">Continuer la lecture <span class=\"screen-reader-text\">  Services<\/span><span class=\"meta-nav\">&rarr;<\/span><\/a><\/p>\n","protected":false},"author":2,"featured_media":0,"parent":0,"menu_order":0,"comment_status":"closed","ping_status":"closed","template":"","meta":{"footnotes":""},"class_list":["post-28","page","type-page","status-publish","hentry"],"_links":{"self":[{"href":"http:\/\/fiduciaire.ch\/wordpress\/index.php?rest_route=\/wp\/v2\/pages\/28","targetHints":{"allow":["GET"]}}],"collection":[{"href":"http:\/\/fiduciaire.ch\/wordpress\/index.php?rest_route=\/wp\/v2\/pages"}],"about":[{"href":"http:\/\/fiduciaire.ch\/wordpress\/index.php?rest_route=\/wp\/v2\/types\/page"}],"author":[{"embeddable":true,"href":"http:\/\/fiduciaire.ch\/wordpress\/index.php?rest_route=\/wp\/v2\/users\/2"}],"replies":[{"embeddable":true,"href":"http:\/\/fiduciaire.ch\/wordpress\/index.php?rest_route=%2Fwp%2Fv2%2Fcomments&post=28"}],"version-history":[{"count":8,"href":"http:\/\/fiduciaire.ch\/wordpress\/index.php?rest_route=\/wp\/v2\/pages\/28\/revisions"}],"predecessor-version":[{"id":133,"href":"http:\/\/fiduciaire.ch\/wordpress\/index.php?rest_route=\/wp\/v2\/pages\/28\/revisions\/133"}],"wp:attachment":[{"href":"http:\/\/fiduciaire.ch\/wordpress\/index.php?rest_route=%2Fwp%2Fv2%2Fmedia&parent=28"}],"curies":[{"name":"wp","href":"https:\/\/api.w.org\/{rel}","templated":true}]}}