{"id":56,"date":"2015-05-08T06:56:59","date_gmt":"2015-05-08T05:56:59","guid":{"rendered":"http:\/\/fiduciaire.ch\/wordpress\/?page_id=56"},"modified":"2024-04-04T15:34:34","modified_gmt":"2024-04-04T14:34:34","slug":"nos-collaborateurs-2","status":"publish","type":"page","link":"https:\/\/fiduciaire.ch\/wordpress\/?page_id=56","title":{"rendered":"Nos collaborateurs"},"content":{"rendered":"<table style=\"width: 673px; height: 663px;\" border=\"0\">\n<tbody>\n<tr>\n<td style=\"text-align: right;\">\n<pre><span style=\"font-family: Arial;\"><span style=\"font-family: Arial;\"><strong><span style=\"font-size: medium;\">Dino Venezia\n <\/span><\/strong><span style=\"font-size: medium;\"><a href=\"mailto:dino.venezia@fiduciaire.ch\">dino.venezia@fiduciaire.ch<\/a>\n\n<\/span><\/span><\/span><\/pre>\n<\/td>\n<td style=\"text-align: right;\">\u00a0<\/td>\n<td>\n<h6><span style=\"font-family: Arial;\"><span style=\"font-size: medium;\">Expert-comptable dipl\u00f4m\u00e9 (1972)<br \/>Expert fiscal dipl\u00f4m\u00e9 (1984)<br \/><\/span><\/span><\/h6>\n<\/td>\n<\/tr>\n<tr>\n<td style=\"text-align: right;\">\n<pre><span style=\"font-family: Arial;\"><span style=\"font-family: Arial;\"><strong><span style=\"font-size: medium;\">Isabelle Mivelaz\n <\/span><\/strong><span style=\"font-size: medium;\"><a href=\"mailto:isabelle.mivelaz@fiduciaire.ch\">isabelle.mivelaz@fiduciaire.ch<\/a>\n<\/span><\/span><\/span><\/pre>\n<\/td>\n<td>\u00a0<\/td>\n<td>\n<h6><span style=\"font-family: Arial;\"><span style=\"font-size: medium;\">Experte fiscale dipl\u00f4m\u00e9e (2002)<\/span> <\/span><span style=\"font-family: Arial;\"><span style=\"font-size: medium;\"><br \/>Expert-r\u00e9viseur agr\u00e9\u00e9e (2007)<\/span><\/span><\/h6>\n<\/td>\n<\/tr>\n<tr>\n<td style=\"text-align: right;\">\n<pre><span style=\"font-family: Arial;\"><span style=\"font-family: Arial;\"><strong><span style=\"font-size: medium;\">Marion Pianta\n <\/span><\/strong><span style=\"font-size: medium;\"><a href=\"mailto:marion.pianta@fiduciaire.ch\">marion.pianta@fiduciaire.ch<\/a>\n<\/span><\/span><\/span><\/pre>\n<\/td>\n<td>\u00a0<\/td>\n<td>\n<h6><span style=\"font-family: Arial;\"><span style=\"font-size: medium;\">Comptable<\/span><\/span><\/h6>\n<p>Maturit\u00e9 professionnelle commerciale<\/p>\n<\/td>\n<\/tr>\n<tr>\n<td style=\"text-align: right;\">\n<pre><span style=\"font-family: Arial;\"><strong><span style=\"font-size: medium;\">Julia Kalbermatten<\/span><\/strong><\/span>\n<span style=\"font-family: Arial;\"> <span style=\"font-size: medium;\"><a href=\"mailto:julia.kalbermatten@fiduciaire.ch\">julia.kalbermatten@fiduciaire.ch<\/a><\/span><\/span><\/pre>\n<\/td>\n<td>\u00a0<\/td>\n<td>\n<h6><span style=\"font-family: Arial;\"><span style=\"font-size: medium;\">Comptable et fiscaliste<\/span><\/span><\/h6>\n<\/td>\n<\/tr>\n<tr>\n<td style=\"text-align: right;\">\n<pre><span style=\"font-family: Arial;\"><strong><span style=\"font-size: medium;\"><strong><span style=\"font-size: medium;\">Estelle Bard\n <\/span><\/strong><\/span><\/strong><span style=\"font-size: medium;\"><a href=\"mailto:estelle.bard@fiduciaire.ch\">estelle.bard@fiduciaire.ch<\/a><\/span><\/span><\/pre>\n<\/td>\n<td>\u00a0<\/td>\n<td>\n<h6><span style=\"font-family: Arial;\">Fiscaliste<br \/><\/span><\/h6>\n<\/td>\n<\/tr>\n<tr>\n<td style=\"text-align: right;\">\n<pre><span style=\"font-family: Arial;\"><strong><span style=\"font-size: medium;\"><strong><span style=\"font-size: medium;\"><strong>Marina Hug\n<\/strong><\/span><\/strong><\/span><\/strong><span style=\"font-size: medium;\"><span style=\"font-size: medium;\"><a href=\"mailto:marina.hug@fiduciaire.ch\">marina.hug@fiduciaire.ch<\/a><\/span><\/span><\/span><\/pre>\n<\/td>\n<td>\u00a0<\/td>\n<td>\n<h6><span style=\"font-family: Arial;\">Secr\u00e9taire Aide-comptable<br \/><\/span><\/h6>\n<\/td>\n<\/tr>\n<tr>\n<td style=\"text-align: right;\">\n<pre><span style=\"font-family: Arial;\"><strong><span style=\"font-size: medium;\"><strong><span style=\"font-size: medium;\"><strong>Leatitia Favre\n<\/strong><\/span><\/strong><\/span><\/strong><span style=\"font-size: medium;\"><span style=\"font-size: medium;\"><a href=\"mailto:leatitia.favre@fiduciaire.ch\">leatitia.favre@fiduciaire.ch<\/a><\/span><\/span><\/span><\/pre>\n<\/td>\n<td>\u00a0<\/td>\n<td>\n<h6><span style=\"font-family: Arial;\">Secr\u00e9taire<br \/><\/span><\/h6>\n<\/td>\n<\/tr>\n<\/tbody>\n<\/table>\n\n\n<ul class=\"wp-block-list\">\n<li><\/li>\n<\/ul>\n","protected":false},"excerpt":{"rendered":"<p>Dino Venezia dino.venezia@fiduciaire.ch \u00a0 Expert-comptable dipl\u00f4m\u00e9 (1972)Expert fiscal dipl\u00f4m\u00e9 (1984) Isabelle Mivelaz isabelle.mivelaz@fiduciaire.ch \u00a0 Experte fiscale dipl\u00f4m\u00e9e (2002) Expert-r\u00e9viseur agr\u00e9\u00e9e (2007) Marion Pianta marion.pianta@fiduciaire.ch \u00a0 Comptable Maturit\u00e9 professionnelle commerciale Julia Kalbermatten julia.kalbermatten@fiduciaire.ch \u00a0 Comptable et fiscaliste Estelle Bard estelle.bard@fiduciaire.ch \u00a0 <a class=\"more-link\" href=\"https:\/\/fiduciaire.ch\/wordpress\/?page_id=56\">Continuer la lecture <span class=\"screen-reader-text\">  Nos collaborateurs<\/span><span class=\"meta-nav\">&rarr;<\/span><\/a><\/p>\n","protected":false},"author":2,"featured_media":0,"parent":0,"menu_order":0,"comment_status":"closed","ping_status":"closed","template":"","meta":{"footnotes":""},"class_list":["post-56","page","type-page","status-publish","hentry"],"_links":{"self":[{"href":"https:\/\/fiduciaire.ch\/wordpress\/index.php?rest_route=\/wp\/v2\/pages\/56","targetHints":{"allow":["GET"]}}],"collection":[{"href":"https:\/\/fiduciaire.ch\/wordpress\/index.php?rest_route=\/wp\/v2\/pages"}],"about":[{"href":"https:\/\/fiduciaire.ch\/wordpress\/index.php?rest_route=\/wp\/v2\/types\/page"}],"author":[{"embeddable":true,"href":"https:\/\/fiduciaire.ch\/wordpress\/index.php?rest_route=\/wp\/v2\/users\/2"}],"replies":[{"embeddable":true,"href":"https:\/\/fiduciaire.ch\/wordpress\/index.php?rest_route=%2Fwp%2Fv2%2Fcomments&post=56"}],"version-history":[{"count":28,"href":"https:\/\/fiduciaire.ch\/wordpress\/index.php?rest_route=\/wp\/v2\/pages\/56\/revisions"}],"predecessor-version":[{"id":167,"href":"https:\/\/fiduciaire.ch\/wordpress\/index.php?rest_route=\/wp\/v2\/pages\/56\/revisions\/167"}],"wp:attachment":[{"href":"https:\/\/fiduciaire.ch\/wordpress\/index.php?rest_route=%2Fwp%2Fv2%2Fmedia&parent=56"}],"curies":[{"name":"wp","href":"https:\/\/api.w.org\/{rel}","templated":true}]}}